
{"id":15255,"date":"2015-04-09T13:26:37","date_gmt":"2015-04-09T12:26:37","guid":{"rendered":"http:\/\/demo.qodeinteractive.com\/bridge71\/?page_id=15255"},"modified":"2026-01-04T18:14:52","modified_gmt":"2026-01-04T17:14:52","slug":"estudio-creativo-de-arte-funcional","status":"publish","type":"page","link":"https:\/\/amarist.com\/es\/","title":{"rendered":"Art &#038; collectible Design studio"},"content":{"rendered":"<p>[vc_row type=&#8221;grid&#8221; text_align=&#8221;center&#8221; padding_bottom=&#8221;65&#8243;][vc_column offset=&#8221;vc_col-lg-offset-2 vc_col-lg-8 vc_col-md-offset-1 vc_col-md-10&#8243;][vc_column_text]<\/p>\n<p style=\"text-align: center;\"><strong>Dise\u00f1o &#8211; Arte &#8211; Activismo<\/strong><\/p>\n<p>[\/vc_column_text][\/vc_column][\/vc_row][vc_row][vc_column width=&#8221;1\/12&#8243;][vc_column_text]<br \/>\n[\/vc_column_text][\/vc_column][vc_column width=&#8221;5\/6&#8243;][vc_row_inner][vc_column_inner width=&#8221;1\/3&#8243;][vc_single_image image=&#8221;20228&#8243; img_size=&#8221;full&#8221; onclick=&#8221;custom_link&#8221; link=&#8221;https:\/\/amarist.com\/es\/portfolio-category\/lights-es\/&#8221; el_class=&#8221;my_featured_links&#8221;][\/vc_column_inner][vc_column_inner width=&#8221;1\/3&#8243;][vc_single_image image=&#8221;20227&#8243; img_size=&#8221;full&#8221; onclick=&#8221;custom_link&#8221; el_class=&#8221;my_featured_links&#8221; link=&#8221;https:\/\/amarist.com\/es\/portfolio-category\/tables-es\/&#8221;][\/vc_column_inner][vc_column_inner width=&#8221;1\/3&#8243;][vc_single_image image=&#8221;20229&#8243; img_size=&#8221;full&#8221; onclick=&#8221;custom_link&#8221; el_class=&#8221;my_featured_links&#8221; link=&#8221;https:\/\/amarist.com\/es\/portfolio-category\/mirrors-es\/&#8221;][\/vc_column_inner][\/vc_row_inner][\/vc_column][vc_column width=&#8221;1\/12&#8243;][vc_column_text]<br \/>\n[\/vc_column_text][\/vc_column][\/vc_row][vc_row][vc_column][vc_row_inner][vc_column_inner width=&#8221;1\/12&#8243;]<br \/>\n[\/vc_column_inner][vc_column_inner width=&#8221;5\/6&#8243;][vc_empty_space height=&#8221;40px&#8221;][vc_separator type=&#8221;transparent&#8221; up=&#8221;23&#8243; down=&#8221;0&#8243;][vc_column_text]<\/p>\n<h3 style=\"text-align: center; font-size: 22px;\"><\/h3>\n<h3 style=\"text-align: center; font-size: 22px;\">El estudio<\/h3>\n<p>[\/vc_column_text][vc_separator type=&#8221;transparent&#8221; up=&#8221;15&#8243; down=&#8221;0&#8243;][vc_empty_space][\/vc_column_inner][vc_column_inner width=&#8221;1\/12&#8243;]<br \/>\n[\/vc_column_inner][\/vc_row_inner][\/vc_column][\/vc_row][vc_row][vc_column width=&#8221;1\/12&#8243;][vc_column_text]<br \/>\n[\/vc_column_text][\/vc_column][vc_column width=&#8221;5\/6&#8243;][vc_single_image image=&#8221;19633&#8243; img_size=&#8221;full&#8221; alignment=&#8221;center&#8221;][vc_empty_space height=&#8221;40px&#8221;][\/vc_column][vc_column width=&#8221;1\/12&#8243;][vc_column_text]<br \/>\n[\/vc_column_text][\/vc_column][\/vc_row][vc_row][vc_column width=&#8221;1\/12&#8243;][vc_column_text]<br \/>\n[\/vc_column_text][\/vc_column][vc_column width=&#8221;5\/6&#8243;][vc_row_inner][vc_column_inner width=&#8221;1\/2&#8243;][vc_column_text]<\/p>\n<h4 style=\"padding-bottom: 15px;\">Amarist<\/h4>\n<p>Estudio formado por Clara Campo y Aran Lozano con base en Espa\u00f1a.<br \/>\n<strong>Activo en el dise\u00f1o de coleci\u00f3n y el arte contempor\u00e1neo.<\/strong>\u00a0El estudio se centra en la creaci\u00f3n de piezas y esculturas funcionales capaces de estimular el pensamiento del espectador a trav\u00e9s de obras que invitan a reflexionar sobre el mundo que nos rodea.<\/p>\n<p>Amarist Studio se distingue por sus obras de \u2018piedra l\u00edquida\u2019, esculturas transl\u00facidas formadas con maestr\u00eda en alabastro. La piedra en origen pesada y opaca, se transforma y sorprende por la apariencia ingr\u00e1vida de la obra final, que levita y emana luz propia.<br \/>\nEl alabastro, material recurrente en la obra de Amarist, no solo rinde homenaje a sus ra\u00edces aragonesas, sino que tambi\u00e9n invita al espectador a reflexionar sobre la fragilidad de nuestros ecosistemas, abordando con elocuencia la actual crisis ambiental del agua.<\/p>\n<p>Su trabajo explora el impacto\u00a0que el ser humano produce en el mundo en su continua evoluci\u00f3n.\u00a0 Un proceso que implica observar los desequilibrios y la brechas que se producen en los distintos conjuntos culturales.<\/p>\n<p>Durante el proceso de reflexi\u00f3n y creaci\u00f3n de su trabajo, el estudio sinti\u00f3 el deber de pasar de las ideas a la acci\u00f3n y gener\u00f3 el<span class=\"apple-converted-space\">\u00a0<\/span><strong>M<\/strong><b>ovimiento Welcome<\/b>. Ejemplo de como el Arte y el Dise\u00f1o pueden ser actores importantes para cambiar conceptos y ayudar a mejorar la sociedad. Una colecci\u00f3n de Joyas hechas \u00edntegramente con trozos de concertina de las fronteras, cuyos beneficios se destinaron a los refugiados de guerra y desastres naturales. &#8216;<a href=\"https:\/\/amarist.com\/portfolio\/welcome-social-good-jewelry\/\"><strong>Welcome Jewelry<\/strong><\/a>&#8216; cambia el significado de la concertina y lo convierte en un s\u00edmbolo de respeto, tolerancia y dignidad humana. Generando un movimiento que pretende concienciar y recaudar fondos para los m\u00e1s desfavorecidos.[\/vc_column_text][vc_separator type=&#8221;transparent&#8221; up=&#8221;57&#8243; down=&#8221;0&#8243;][vc_separator type=&#8221;transparent&#8221; up=&#8221;48&#8243; down=&#8221;0&#8243;][\/vc_column_inner][vc_column_inner width=&#8221;1\/2&#8243;][vc_column_text]<strong>CV<\/strong><\/p>\n<p><strong>Exhibitions &amp; Fairs<\/strong><\/p>\n<p>2025 Art Miami \/ PriveeKollektie Gallery \/ Collectible Exhibition<br \/>\n2025 Beijing design week | The Dream Line | Beijing | Collective Exhibition<br \/>\n2025 Bartoux | Venize | Collective Exhibition<br \/>\n2025 ART X Porsche | Porsche Barcelona | Collective Exhibition<br \/>\n2025 Madrid Design Festival \/ La l\u00ednea Sue\u00f1a \/ CCV Fernan Gomez \/ Collective Exhibition<br \/>\n2024 Art Miami \/ PriveeKollektie Gallery \/ Collective Exhibition<br \/>\n2024 PAD London \/ Priveekollektie Gallery \/ Collective Exhibition<br \/>\n2024 Pablo Serrano Museum | Aqua Fossil | Solo Show<br \/>\n2024 Art Palm Beach | Priveekollektie Gallery | Collective Exhibition<br \/>\n2023 Art Miami | Priveekollektie Gallery | Collective Exhibition<br \/>\n2023 PAD London | Priveekollektie Gallery | Collective Exhibition<br \/>\n2023 PAD Paris | Priveekollektie Gallery | Collective Exhibition<br \/>\n2022 Art Miami | Priveekollektie Gallery | Collective Exhibition<br \/>\n2022 PAD London | Priveekollektie Gallery | Collective Exhibition<br \/>\n2022 \u00a0PAD Paris | Priveekollektie Gallery | Collective Exhibition<br \/>\n2021 \u00a0The Salon NY | Priveekollektie Gallery | Collective Exhibition<br \/>\n2021 Design Miami Basel\u00a0| Priveekollektie Gallery | Collective Exhibition<br \/>\n2020 Priveekollektie Contemporary Art| Design Gallery | Heusden | Collective Exhibition<br \/>\n2020 \u00a0IA&amp;A \u2013 International Arts &amp; Artists | Washington DC | Solo Exhibition<br \/>\n2019 \u00a0Art Miami | Priveekollektie Contemporary Art|Design Gallery | Collective Exhibition<br \/>\n2019 \u00a0The Salon NY | Priveekollektie Contemporary Art|Design Gallery | Collective Exhibition<br \/>\n2019 \u00a0PAD London\u00a0| Priveekollektie Contemporary Art|Design Gallery | Collective Exhibition<br \/>\n2019 Priveekollektie Contemporary Art|Design Gallery | Heusden | Collective Exhibition<br \/>\n2018 \u00a0Bombay Sapphire Artisan Series | New York | Collective Exhibition<br \/>\n2018 \u00a0Venice Design | Venice Biennale of Architecture | Collective Exhibition<br \/>\n2017 \u00a0Art New York Fair | Amarist for UNHCR |\u00a0Solo Exhibition<br \/>\n2016 \u00a0Design Days Dubai | BDG Gallery |\u00a0Solo Exhibition<br \/>\n<a href=\"https:\/\/amarist.com\/exhibitions\/\">See more<\/a><\/p>\n<p><strong>Conferences<br \/>\n<\/strong>2025 Madrid Design Pro, Madrid, Spain.<br \/>\n2022 University of British Columbia, College of Architecture, Vancouver, Canada.<br \/>\n2022 Madrid Design Festival.<\/p>\n<p><strong>Awards<br \/>\n<\/strong>2018 Europe Forbes 30 under 30 \u2013 Arts &amp; Culture<br \/>\n2018 Spain Forbes 30 under 30<br \/>\n2018 Finalist Global Art Awards<br \/>\n2018 Finalist Bombay Sapphire Artisan Series<br \/>\n2018 Silver &amp; Iron A\u2019 Design Awards<br \/>\n2017 Young Creators Award \u2013 Government of Aragon<br \/>\n2015 Design of the year \u2013 DesignBoom<\/p>\n<p><strong>Relevant Publications<\/strong><\/p>\n<p>2025 Room Dise\u00f1o\u00a0 Spain | January<br \/>\n2024 Elle Decor | Spain | Creadores<br \/>\n2024 Room Dise\u00f1o \/ Spain \/ Alabastro expandido<br \/>\n2024 Clarin | Argentina | ARQ Aqua Fossil<br \/>\n2024 Heraldo Arangon | Spain | Contraportada<br \/>\n2023 Arquitectura y Dise\u00f1o Magazine | Spain | Aqua Fossil<br \/>\n2023 Residence Magazine | Netherlands | Aqua Fossil<br \/>\n2022 Room Magazine | Espa\u00f1a | Entrevista<br \/>\n2021 Interior Design | USA | Aqua Fossil Light<br \/>\n2020 \u00a0Harper\u2019s Bazaar | Arabia | Interview<br \/>\n2020 Room Magazine | Spain | Amarist Studio<br \/>\n2020 Washington Post\u00a0| USA | Welcome Exhibition<br \/>\n2019 \u00a0Cosmopolitan Magazine | Spain | Interview<br \/>\n2018 \u00a0Forbes Magazine | Europe | 30 under 30<br \/>\n2017 \u00a0Financial Times | UK | Welcome Jewelry<br \/>\n2017 \u00a0Harper\u2019s Bazaar | Middle East | Interview<br \/>\n2017 \u00a0Elle Decoration | Spain | Welcome Lamp<br \/>\n2016 \u00a0Forbes | Spain | Too Much? Table<\/p>\n<p><a href=\"https:\/\/amarist.com\/es\/prensa\/\">Ver m\u00e1s<\/a>[\/vc_column_text][vc_separator type=&#8221;transparent&#8221; up=&#8221;48&#8243; down=&#8221;0&#8243;][vc_separator type=&#8221;transparent&#8221; up=&#8221;57&#8243; down=&#8221;0&#8243;][\/vc_column_inner][\/vc_row_inner][\/vc_column][vc_column width=&#8221;1\/12&#8243;][vc_column_text]<br \/>\n[\/vc_column_text][\/vc_column][\/vc_row][vc_row][vc_column width=&#8221;1\/12&#8243;][vc_column_text]<br \/>\n[\/vc_column_text][\/vc_column][vc_column width=&#8221;5\/6&#8243;][vc_column_text]<\/p>\n<h3 style=\"text-align: center; font-size: 22px;\">\u00daltimas Not\u00edcias<\/h3>\n<p>[\/vc_column_text][vc_empty_space height=&#8221;50px&#8221;][vc_separator type=&#8221;transparent&#8221; up=&#8221;23&#8243; down=&#8221;0&#8243;]<div class='latest_post_holder dividers three_columns one_row'><ul><li class=\"clearfix\"><div class=\"boxes_image\"><a href=\"https:\/\/amarist.com\/es\/amarist-studio-x-porsche-barcelona\/\"><img loading=\"lazy\" decoding=\"async\" width=\"539\" height=\"303\" src=\"https:\/\/amarist.com\/wp-content\/uploads\/2025\/10\/Inaguracion_DestinationPorscheBCN02025_LLCSTUDIOS-539x303.jpg\" class=\"attachment-latest_post_boxes size-latest_post_boxes wp-post-image\" alt=\"Porsche Barcelona ART X Porsche Amarist studio\" \/><\/a><\/div><div class=\"latest_post\"><div class=\"latest_post_text\"><div class=\"latest_post_inner\"><div class=\"latest_post_date\"><div class=\"latest_post_day\">21<\/div><div class=\"latest_post_month\">Oct<\/div><\/div><div class=\"latest_post_text_inner\"><h5 class=\"latest_post_title \"><a href=\"https:\/\/amarist.com\/es\/amarist-studio-x-porsche-barcelona\/\">Amarist Studio x Porsche Barcelona<\/a><\/h5><p class=\"excerpt\">Arte, dise\u00f1o y velocidad se encuentran en la inauguraci\u00f3n del nuevo Porsche Center Barcelona. Con motivo de la inauguraci\u00f3...<\/p><span class=\"post_infos\"><\/span><\/div><\/div><\/div><\/div><li class=\"clearfix\"><div class=\"boxes_image\"><a href=\"https:\/\/amarist.com\/es\/amarist-studio-at-the-line-dreams-beijing-design-week-2025\/\"><img loading=\"lazy\" decoding=\"async\" width=\"539\" height=\"303\" src=\"https:\/\/amarist.com\/wp-content\/uploads\/2025\/10\/IMG_4612-539x303.jpg\" class=\"attachment-latest_post_boxes size-latest_post_boxes wp-post-image\" alt=\"\" \/><\/a><\/div><div class=\"latest_post\"><div class=\"latest_post_text\"><div class=\"latest_post_inner\"><div class=\"latest_post_date\"><div class=\"latest_post_day\">16<\/div><div class=\"latest_post_month\">Oct<\/div><\/div><div class=\"latest_post_text_inner\"><h5 class=\"latest_post_title \"><a href=\"https:\/\/amarist.com\/es\/amarist-studio-at-the-line-dreams-beijing-design-week-2025\/\">Amarist Studio at The Line Dreams, Beijing Design Week 2025<\/a><\/h5><p class=\"excerpt\">Amarist Studio at The Line Dreams, Madrid Design Festival exhibition at Beijing Design Week 2025 Amarist Studio is part of Th...<\/p><span class=\"post_infos\"><\/span><\/div><\/div><\/div><\/div><li class=\"clearfix\"><div class=\"boxes_image\"><a href=\"https:\/\/amarist.com\/es\/guest-speakers-in-madrid-design-pro\/\"><img loading=\"lazy\" decoding=\"async\" width=\"539\" height=\"303\" src=\"https:\/\/amarist.com\/wp-content\/uploads\/2025\/03\/Amarist-at-Madrid-Design-Pro-1-539x303.jpeg\" class=\"attachment-latest_post_boxes size-latest_post_boxes wp-post-image\" alt=\"\" \/><\/a><\/div><div class=\"latest_post\"><div class=\"latest_post_text\"><div class=\"latest_post_inner\"><div class=\"latest_post_date\"><div class=\"latest_post_day\">17<\/div><div class=\"latest_post_month\">Mar<\/div><\/div><div class=\"latest_post_text_inner\"><h5 class=\"latest_post_title \"><a href=\"https:\/\/amarist.com\/es\/guest-speakers-in-madrid-design-pro\/\">MESA REDONDA MADRID DESIGN PRO<\/a><\/h5><p class=\"excerpt\">Amarist studio fue invitado a participar en la exposici\u00f3n colectiva &#8220;La Linea Sue\u00f1a&#8221; en el Centro Cultural Fern...<\/p><span class=\"post_infos\"><\/span><\/div><\/div><\/div><\/div><\/ul><\/div>[vc_empty_space][\/vc_column][vc_column width=&#8221;1\/12&#8243;][vc_column_text]<br \/>\n[\/vc_column_text][\/vc_column][\/vc_row][vc_row][vc_column width=&#8221;1\/12&#8243;][vc_column_text]<br \/>\n[\/vc_column_text][\/vc_column][vc_column width=&#8221;5\/6&#8243;][vc_separator thickness=&#8221;1&#8243; up=&#8221;0&#8243; down=&#8221;0&#8243;][vc_empty_space][\/vc_column][vc_column width=&#8221;1\/12&#8243;][vc_column_text]<br \/>\n[\/vc_column_text][\/vc_column][\/vc_row][vc_row][vc_column width=&#8221;1\/12&#8243;][vc_column_text]<br \/>\n[\/vc_column_text][\/vc_column][vc_column width=&#8221;5\/6&#8243;][vc_empty_space][vc_column_text]<\/p>\n<h3 style=\"text-align: center; font-size: 22px;\">Contactar<\/h3>\n<p>[\/vc_column_text][vc_empty_space][vc_column_text]<\/p>\n\n<div class=\"wpcf7 no-js\" id=\"wpcf7-f16669-o1\" lang=\"es-ES\" dir=\"ltr\">\n<div class=\"screen-reader-response\"><p role=\"status\" aria-live=\"polite\" aria-atomic=\"true\"><\/p> <ul><\/ul><\/div>\n<form action=\"\/es\/wp-json\/wp\/v2\/pages\/15255#wpcf7-f16669-o1\" method=\"post\" class=\"wpcf7-form init\" aria-label=\"Formulario de contacto\" novalidate=\"novalidate\" data-status=\"init\">\n<div style=\"display: none;\">\n<input type=\"hidden\" name=\"_wpcf7\" value=\"16669\" \/>\n<input type=\"hidden\" name=\"_wpcf7_version\" value=\"5.9.8\" \/>\n<input type=\"hidden\" name=\"_wpcf7_locale\" value=\"es_ES\" \/>\n<input type=\"hidden\" name=\"_wpcf7_unit_tag\" value=\"wpcf7-f16669-o1\" \/>\n<input type=\"hidden\" name=\"_wpcf7_container_post\" value=\"0\" \/>\n<input type=\"hidden\" name=\"_wpcf7_posted_data_hash\" value=\"\" \/>\n<input type=\"hidden\" name=\"_wpcf7_recaptcha_response\" value=\"\" \/>\n<\/div>\n<div class=\"form_1_2\">\n\t<p><span class=\"wpcf7-form-control-wrap\" data-name=\"your-name\"><input size=\"40\" maxlength=\"400\" class=\"wpcf7-form-control wpcf7-text wpcf7-validates-as-required\" aria-required=\"true\" aria-invalid=\"false\" placeholder=\"Nombre*\" value=\"\" type=\"text\" name=\"your-name\" \/><\/span>\n\t<\/p>\n<\/div>\n<div class=\"form_1_2 last\">\n\t<p><span class=\"wpcf7-form-control-wrap\" data-name=\"tel-772\"><input size=\"40\" maxlength=\"400\" class=\"wpcf7-form-control wpcf7-tel wpcf7-text wpcf7-validates-as-tel\" aria-invalid=\"false\" placeholder=\"Telefono\" value=\"\" type=\"tel\" name=\"tel-772\" \/><\/span>\n\t<\/p>\n<\/div>\n<div class=\"form_1_2\">\n\t<p><span class=\"wpcf7-form-control-wrap\" data-name=\"your-email\"><input size=\"40\" maxlength=\"400\" class=\"wpcf7-form-control wpcf7-email wpcf7-validates-as-required wpcf7-text wpcf7-validates-as-email\" aria-required=\"true\" aria-invalid=\"false\" placeholder=\"Email*\" value=\"\" type=\"email\" name=\"your-email\" \/><\/span>\n\t<\/p>\n<\/div>\n<div class=\"form_1_2 last\">\n\t<p><span class=\"wpcf7-form-control-wrap\" data-name=\"Pais\"><input size=\"40\" maxlength=\"400\" class=\"wpcf7-form-control wpcf7-text\" aria-invalid=\"false\" placeholder=\"Pais\" value=\"\" type=\"text\" name=\"Pais\" \/><\/span>\n\t<\/p>\n<\/div>\n<div class=\"clear\">\n<\/div>\n<p><span class=\"wpcf7-form-control-wrap\" data-name=\"Empresa\"><input size=\"40\" maxlength=\"400\" class=\"wpcf7-form-control wpcf7-text\" aria-invalid=\"false\" placeholder=\"Empresa\" value=\"\" type=\"text\" name=\"Empresa\" \/><\/span>\n<\/p>\n<p><span class=\"wpcf7-form-control-wrap\" data-name=\"your-message\"><textarea cols=\"40\" rows=\"10\" maxlength=\"2000\" class=\"wpcf7-form-control wpcf7-textarea\" aria-invalid=\"false\" placeholder=\"Mensaje\" name=\"your-message\"><\/textarea><\/span>\n<\/p>\n<p><input class=\"wpcf7-form-control wpcf7-submit has-spinner btn btn-large btn-light\" type=\"submit\" value=\"Contactar\" \/>\n<\/p><p style=\"display: none !important;\"><label>&#916;<textarea name=\"_wpcf7_ak_hp_textarea\" cols=\"45\" rows=\"8\" maxlength=\"100\"><\/textarea><\/label><input type=\"hidden\" id=\"ak_js_1\" name=\"_wpcf7_ak_js\" value=\"185\"\/><script>document.getElementById( \"ak_js_1\" ).setAttribute( \"value\", ( new Date() ).getTime() );<\/script><\/p><div class=\"wpcf7-response-output\" aria-hidden=\"true\"><\/div>\n<\/form>\n<\/div>\n\n<p>[\/vc_column_text][\/vc_column][vc_column width=&#8221;1\/12&#8243;][vc_column_text]<br \/>\n[\/vc_column_text][\/vc_column][\/vc_row]<\/p>\n","protected":false},"excerpt":{"rendered":"<p>[vc_row type=&#8221;grid&#8221; text_align=&#8221;center&#8221; padding_bottom=&#8221;65&#8243;][vc_column offset=&#8221;vc_col-lg-offset-2 vc_col-lg-8 vc_col-md-offset-1 vc_col-md-10&#8243;][vc_column_text] Dise\u00f1o &#8211; Arte &#8211; Activismo [\/vc_column_text][\/vc_column][\/vc_row][vc_row][vc_column width=&#8221;1\/12&#8243;][vc_column_text] [\/vc_column_text][\/vc_column][vc_column width=&#8221;5\/6&#8243;][vc_row_inner][vc_column_inner width=&#8221;1\/3&#8243;][vc_single_image image=&#8221;20228&#8243; img_size=&#8221;full&#8221; onclick=&#8221;custom_link&#8221; link=&#8221;https:\/\/amarist.com\/es\/portfolio-category\/lights-es\/&#8221; el_class=&#8221;my_featured_links&#8221;][\/vc_column_inner][vc_column_inner width=&#8221;1\/3&#8243;][vc_single_image image=&#8221;20227&#8243; img_size=&#8221;full&#8221; onclick=&#8221;custom_link&#8221; el_class=&#8221;my_featured_links&#8221; link=&#8221;https:\/\/amarist.com\/es\/portfolio-category\/tables-es\/&#8221;][\/vc_column_inner][vc_column_inner width=&#8221;1\/3&#8243;][vc_single_image image=&#8221;20229&#8243; img_size=&#8221;full&#8221; onclick=&#8221;custom_link&#8221; el_class=&#8221;my_featured_links&#8221; link=&#8221;https:\/\/amarist.com\/es\/portfolio-category\/mirrors-es\/&#8221;][\/vc_column_inner][\/vc_row_inner][\/vc_column][vc_column width=&#8221;1\/12&#8243;][vc_column_text] [\/vc_column_text][\/vc_column][\/vc_row][vc_row][vc_column][vc_row_inner][vc_column_inner width=&#8221;1\/12&#8243;] [\/vc_column_inner][vc_column_inner width=&#8221;5\/6&#8243;][vc_empty_space height=&#8221;40px&#8221;][vc_separator type=&#8221;transparent&#8221; up=&#8221;23&#8243; down=&#8221;0&#8243;][vc_column_text] El&#8230;<\/p>\n","protected":false},"author":1,"featured_media":19801,"parent":0,"menu_order":0,"comment_status":"open","ping_status":"closed","template":"full_width.php","meta":{"footnotes":""},"aioseo_notices":[],"_links":{"self":[{"href":"https:\/\/amarist.com\/es\/wp-json\/wp\/v2\/pages\/15255"}],"collection":[{"href":"https:\/\/amarist.com\/es\/wp-json\/wp\/v2\/pages"}],"about":[{"href":"https:\/\/amarist.com\/es\/wp-json\/wp\/v2\/types\/page"}],"author":[{"embeddable":true,"href":"https:\/\/amarist.com\/es\/wp-json\/wp\/v2\/users\/1"}],"replies":[{"embeddable":true,"href":"https:\/\/amarist.com\/es\/wp-json\/wp\/v2\/comments?post=15255"}],"version-history":[{"count":155,"href":"https:\/\/amarist.com\/es\/wp-json\/wp\/v2\/pages\/15255\/revisions"}],"predecessor-version":[{"id":20509,"href":"https:\/\/amarist.com\/es\/wp-json\/wp\/v2\/pages\/15255\/revisions\/20509"}],"wp:featuredmedia":[{"embeddable":true,"href":"https:\/\/amarist.com\/es\/wp-json\/wp\/v2\/media\/19801"}],"wp:attachment":[{"href":"https:\/\/amarist.com\/es\/wp-json\/wp\/v2\/media?parent=15255"}],"curies":[{"name":"wp","href":"https:\/\/api.w.org\/{rel}","templated":true}]}}